{"id":1319,"date":"2021-11-21T15:14:19","date_gmt":"2021-11-21T15:14:19","guid":{"rendered":"https:\/\/moahegroup.com\/about\/"},"modified":"2023-08-29T13:17:38","modified_gmt":"2023-08-29T13:17:38","slug":"about","status":"publish","type":"page","link":"https:\/\/moahegroup.com\/en\/about\/","title":{"rendered":"About"},"content":{"rendered":"<div data-elementor-type=\"wp-page\" data-elementor-id=\"1319\" class=\"elementor elementor-1319\">\n\t\t\t\t\t\t<section class=\"elementor-section elementor-top-section elementor-element elementor-element-c8ddeb6 elementor-section-height-min-height elementor-section-boxed elementor-section-height-default elementor-section-items-middle\" data-id=\"c8ddeb6\" data-element_type=\"section\" data-e-type=\"section\" data-settings=\"{&quot;background_background&quot;:&quot;classic&quot;}\">\n\t\t\t\t\t\t\t<div class=\"elementor-background-overlay\"><\/div>\n\t\t\t\t\t\t\t<div class=\"elementor-container elementor-column-gap-default\">\n\t\t\t\t\t<div class=\"elementor-column elementor-col-100 elementor-top-column elementor-element elementor-element-6a5337e\" data-id=\"6a5337e\" data-element_type=\"column\" data-e-type=\"column\">\n\t\t\t<div class=\"elementor-widget-wrap elementor-element-populated\">\n\t\t\t\t\t\t<div class=\"elementor-element elementor-element-feefb6c elementor-widget elementor-widget-heading\" data-id=\"feefb6c\" data-element_type=\"widget\" data-e-type=\"widget\" data-widget_type=\"heading.default\">\n\t\t\t\t<div class=\"elementor-widget-container\">\n\t\t\t\t\t<h1 class=\"elementor-heading-title elementor-size-default\">ABOUT US<\/h1>\t\t\t\t<\/div>\n\t\t\t\t<\/div>\n\t\t\t\t\t<\/div>\n\t\t<\/div>\n\t\t\t\t\t<\/div>\n\t\t<\/section>\n\t\t\t\t<section class=\"elementor-section elementor-top-section elementor-element elementor-element-034f786 elementor-section-boxed elementor-section-height-default elementor-section-height-default\" data-id=\"034f786\" data-element_type=\"section\" data-e-type=\"section\">\n\t\t\t\t\t\t<div class=\"elementor-container elementor-column-gap-default\">\n\t\t\t\t\t<div class=\"elementor-column elementor-col-100 elementor-top-column elementor-element elementor-element-ba0c118\" data-id=\"ba0c118\" data-element_type=\"column\" data-e-type=\"column\">\n\t\t\t<div class=\"elementor-widget-wrap elementor-element-populated\">\n\t\t\t\t\t\t<div class=\"elementor-element elementor-element-7393826 elementor-widget elementor-widget-heading\" data-id=\"7393826\" data-element_type=\"widget\" data-e-type=\"widget\" data-widget_type=\"heading.default\">\n\t\t\t\t<div class=\"elementor-widget-container\">\n\t\t\t\t\t<h3 class=\"elementor-heading-title elementor-size-default\">Our Values <\/h3>\t\t\t\t<\/div>\n\t\t\t\t<\/div>\n\t\t\t\t<div class=\"elementor-element elementor-element-02eb94e elementor-widget elementor-widget-text-editor\" data-id=\"02eb94e\" data-element_type=\"widget\" data-e-type=\"widget\" data-widget_type=\"text-editor.default\">\n\t\t\t\t<div class=\"elementor-widget-container\">\n\t\t\t\t\t\t\t\t\t<p><span style=\"color: #414042; font-size: 15px; text-align: center; background-color: var(--ast-global-color-5);\">At<\/span><span style=\"color: #414042; font-size: 15px; text-align: center; background-color: var(--ast-global-color-5);\">\u00a0<\/span><span style=\"color: #414042; font-size: 15px; text-align: center; background-color: var(--ast-global-color-5); font-weight: bold;\">Moahe Group<\/span><span style=\"color: #414042; font-size: 15px; text-align: center; background-color: var(--ast-global-color-5);\">, n<\/span><span style=\"color: #414042; font-size: 15px; text-align: center; background-color: var(--ast-global-color-5);\">ur core values guide every aspect of our business. They reflect our commitment to our customers, our partners and the environment. Here's what we believe in:\u00a0<\/span><\/p><p><span style=\"color: #414042; font-size: 15px; text-align: center; background-color: var(--ast-global-color-5);\">\u00a0<\/span><\/p><ul><li><span style=\"color: #414042; font-size: 15px; text-align: center; background-color: var(--ast-global-color-5); font-weight: bold;\">High quality<\/span><span style=\"color: #414042; font-size: 15px; text-align: center; background-color: var(--ast-global-color-5);\">\u00a0<\/span><span style=\"color: #414042; font-size: 15px; text-align: center; background-color: var(--ast-global-color-5);\">:\u00a0<\/span><span style=\"color: #414042; font-size: 15px; text-align: center; background-color: var(--ast-global-color-5);\">Quality is our number one priority. Each fruit and vegetable is carefully selected and checked.<\/span><\/li><li><em style=\"font-weight: inherit; color: #414042; font-size: 15px; text-align: center; background-color: var(--ast-global-color-5);\"><span style=\"font-weight: bold; font-size: 16px;\">Cultural authenticity\u00a0<\/span><\/em><span style=\"font-style: inherit; font-weight: inherit; color: #414042; text-align: center; background-color: var(--ast-global-color-5);\">:\u00a0<\/span><span style=\"font-style: inherit; font-weight: inherit; color: #414042; font-size: 15px; text-align: center; background-color: var(--ast-global-color-5);\">We believe in the importance of preserving the cultural authenticity of each fruit and vegetable we import.<\/span><\/li><li><em style=\"font-weight: inherit; color: #414042; font-size: 15px; text-align: center; background-color: var(--ast-global-color-5);\"><span style=\"font-weight: bold;\">Ecological sustainability<\/span>\u00a0<\/em><span style=\"font-style: inherit; font-weight: inherit; color: #414042; font-size: 15px; text-align: center; background-color: var(--ast-global-color-5);\">:\u00a0<\/span><span style=\"font-style: inherit; font-weight: inherit; color: #414042; font-size: 15px; text-align: center; background-color: var(--ast-global-color-5);\">Sustainability is at the heart of our business approach. We work in partnership with producers who adopt environmentally-friendly farming practices. Our commitment to sustainability is reflected at every stage of the supply chain.<\/span><\/li><li><em style=\"font-weight: bold; color: #414042; font-size: 15px; text-align: center; background-color: var(--ast-global-color-5);\">Social commitment<\/em><span style=\"font-style: inherit; font-weight: bold; color: #414042; font-size: 15px; text-align: center; background-color: var(--ast-global-color-5);\">\u00a0<\/span><span style=\"font-style: inherit; font-weight: bold; color: #414042; font-size: 15px; text-align: center; background-color: var(--ast-global-color-5);\">:\u00a0<\/span><span style=\"font-style: inherit; font-weight: inherit; color: #414042; font-size: 15px; text-align: center; background-color: var(--ast-global-color-5);\">We believe in corporate social responsibility. By working with local communities in the producing regions, we contribute to their economic and social development. We are committed to creating a positive impact in the regions where our products originate.<\/span><\/li><li><em style=\"font-weight: inherit; color: #414042; font-size: 15px; text-align: center; background-color: var(--ast-global-color-5);\"><span style=\"font-weight: bold;\">Exceptional Customer Experience<\/span>\u00a0<\/em><span style=\"font-style: inherit; font-weight: inherit; color: #414042; font-size: 15px; text-align: center; background-color: var(--ast-global-color-5);\">:\u00a0<\/span><span style=\"font-style: inherit; font-weight: inherit; color: #414042; font-size: 15px; text-align: center; background-color: var(--ast-global-color-5);\">Customer satisfaction is our priority. We strive to deliver an exceptional customer experience with every interaction.<\/span><\/li><\/ul><p><span style=\"color: #414042; font-size: 15px; text-align: center; background-color: var(--ast-global-color-5);\">These values are more than just words. They guide our day-to-day decisions and reinforce our commitment to our customers, our partners and our planet.<\/span><\/p>\t\t\t\t\t\t\t\t<\/div>\n\t\t\t\t<\/div>\n\t\t\t\t<section class=\"elementor-section elementor-inner-section elementor-element elementor-element-d652c32 elementor-section-boxed elementor-section-height-default elementor-section-height-default\" data-id=\"d652c32\" data-element_type=\"section\" data-e-type=\"section\">\n\t\t\t\t\t\t<div class=\"elementor-container elementor-column-gap-default\">\n\t\t\t\t\t<div class=\"elementor-column elementor-col-50 elementor-inner-column elementor-element elementor-element-48c70c0\" data-id=\"48c70c0\" data-element_type=\"column\" data-e-type=\"column\">\n\t\t\t<div class=\"elementor-widget-wrap elementor-element-populated\">\n\t\t\t\t\t\t<div class=\"elementor-element elementor-element-4c45bda elementor-widget elementor-widget-heading\" data-id=\"4c45bda\" data-element_type=\"widget\" data-e-type=\"widget\" data-widget_type=\"heading.default\">\n\t\t\t\t<div class=\"elementor-widget-container\">\n\t\t\t\t\t<h3 class=\"elementor-heading-title elementor-size-default\">Our Mission :<\/h3>\t\t\t\t<\/div>\n\t\t\t\t<\/div>\n\t\t\t\t<div class=\"elementor-element elementor-element-93fe872 elementor-widget elementor-widget-text-editor\" data-id=\"93fe872\" data-element_type=\"widget\" data-e-type=\"widget\" data-widget_type=\"text-editor.default\">\n\t\t\t\t<div class=\"elementor-widget-container\">\n\t\t\t\t\t\t\t\t\t<p><span style=\"font-weight: 400;\">At Moahe, our mission is simple: to bring tropical delights from faraway lands straight to your table. We strive to provide our customers with products of unrivalled quality, grown and harvested with care to preserve their authentic flavours and nutritional benefits.\u00a0<\/span><span style=\"font-style: inherit; font-weight: inherit; background-color: var(--ast-global-color-5);\">Our aim is to make fresh tropical fruit and vegetables accessible to everyone, by guaranteeing their freshness, quality and sustainability.<\/span><\/p>\t\t\t\t\t\t\t\t<\/div>\n\t\t\t\t<\/div>\n\t\t\t\t\t<\/div>\n\t\t<\/div>\n\t\t\t\t<div class=\"elementor-column elementor-col-50 elementor-inner-column elementor-element elementor-element-d5ce101\" data-id=\"d5ce101\" data-element_type=\"column\" data-e-type=\"column\">\n\t\t\t<div class=\"elementor-widget-wrap elementor-element-populated\">\n\t\t\t\t\t\t<div class=\"elementor-element elementor-element-659b77f elementor-widget elementor-widget-heading\" data-id=\"659b77f\" data-element_type=\"widget\" data-e-type=\"widget\" data-widget_type=\"heading.default\">\n\t\t\t\t<div class=\"elementor-widget-container\">\n\t\t\t\t\t<h3 class=\"elementor-heading-title elementor-size-default\">Our commitment to quality <\/h3>\t\t\t\t<\/div>\n\t\t\t\t<\/div>\n\t\t\t\t<div class=\"elementor-element elementor-element-27d8180 elementor-widget elementor-widget-text-editor\" data-id=\"27d8180\" data-element_type=\"widget\" data-e-type=\"widget\" data-widget_type=\"text-editor.default\">\n\t\t\t\t<div class=\"elementor-widget-container\">\n\t\t\t\t\t\t\t\t\t<p><span style=\"font-weight: 400;\">Quality is at the heart of everything we do. Every fruit and vegetable we import is carefully selected according to strict standards.&nbsp;<\/span><span style=\"font-style: inherit; font-weight: inherit; background-color: var(--ast-global-color-5);\">We work closely with our suppliers to promote environmentally-friendly farming practices and to ensure that our products are grown with care and in line with international standards.&nbsp;<\/span><span style=\"background-color: var(--ast-global-color-5);\">We are proud of our commitment to quality and customer satisfaction.<\/span><\/p>\t\t\t\t\t\t\t\t<\/div>\n\t\t\t\t<\/div>\n\t\t\t\t\t<\/div>\n\t\t<\/div>\n\t\t\t\t\t<\/div>\n\t\t<\/section>\n\t\t\t\t<section class=\"elementor-section elementor-inner-section elementor-element elementor-element-3c1a4f0 elementor-section-boxed elementor-section-height-default elementor-section-height-default\" data-id=\"3c1a4f0\" data-element_type=\"section\" data-e-type=\"section\">\n\t\t\t\t\t\t<div class=\"elementor-container elementor-column-gap-default\">\n\t\t\t\t\t<div class=\"elementor-column elementor-col-50 elementor-inner-column elementor-element elementor-element-340ac00\" data-id=\"340ac00\" data-element_type=\"column\" data-e-type=\"column\">\n\t\t\t<div class=\"elementor-widget-wrap elementor-element-populated\">\n\t\t\t\t\t\t<div class=\"elementor-element elementor-element-3a365c6 elementor-widget elementor-widget-heading\" data-id=\"3a365c6\" data-element_type=\"widget\" data-e-type=\"widget\" data-widget_type=\"heading.default\">\n\t\t\t\t<div class=\"elementor-widget-container\">\n\t\t\t\t\t<h3 class=\"elementor-heading-title elementor-size-default\">Sustainability and Responsibility <\/h3>\t\t\t\t<\/div>\n\t\t\t\t<\/div>\n\t\t\t\t<div class=\"elementor-element elementor-element-c9d2238 elementor-widget elementor-widget-text-editor\" data-id=\"c9d2238\" data-element_type=\"widget\" data-e-type=\"widget\" data-widget_type=\"text-editor.default\">\n\t\t\t\t<div class=\"elementor-widget-container\">\n\t\t\t\t\t\t\t\t\t<p><span style=\"font-weight: 400;\">We believe in a responsible approach to importing. We work with producers who share our values of sustainability and respect for the environment. From cultivation to delivery, we strive to minimise our ecological footprint and support farming practices that respect the land.<\/span><\/p>\t\t\t\t\t\t\t\t<\/div>\n\t\t\t\t<\/div>\n\t\t\t\t\t<\/div>\n\t\t<\/div>\n\t\t\t\t<div class=\"elementor-column elementor-col-50 elementor-inner-column elementor-element elementor-element-6820a73\" data-id=\"6820a73\" data-element_type=\"column\" data-e-type=\"column\">\n\t\t\t<div class=\"elementor-widget-wrap elementor-element-populated\">\n\t\t\t\t\t\t<div class=\"elementor-element elementor-element-6bfb4f9 elementor-widget elementor-widget-heading\" data-id=\"6bfb4f9\" data-element_type=\"widget\" data-e-type=\"widget\" data-widget_type=\"heading.default\">\n\t\t\t\t<div class=\"elementor-widget-container\">\n\t\t\t\t\t<h3 class=\"elementor-heading-title elementor-size-default\">Our Team <\/h3>\t\t\t\t<\/div>\n\t\t\t\t<\/div>\n\t\t\t\t<div class=\"elementor-element elementor-element-ab76ef5 elementor-widget elementor-widget-text-editor\" data-id=\"ab76ef5\" data-element_type=\"widget\" data-e-type=\"widget\" data-widget_type=\"text-editor.default\">\n\t\t\t\t<div class=\"elementor-widget-container\">\n\t\t\t\t\t\t\t\t\t<p><span style=\"font-style: inherit; font-weight: inherit; background-color: var(--ast-global-color-5);\">We are a passionate and dynamic team of experts in the field of importing fresh produce. Each of us brings unique experience and specific expertise to ensure that our supply chain runs smoothly and efficiently to our customers' complete satisfaction.&nbsp;<\/span><\/p>\t\t\t\t\t\t\t\t<\/div>\n\t\t\t\t<\/div>\n\t\t\t\t\t<\/div>\n\t\t<\/div>\n\t\t\t\t\t<\/div>\n\t\t<\/section>\n\t\t\t\t\t<\/div>\n\t\t<\/div>\n\t\t\t\t\t<\/div>\n\t\t<\/section>\n\t\t\t\t<\/div>","protected":false},"excerpt":{"rendered":"<p>A PROPOS DE NOUS Nos Valeurs Chez\u00a0Moahe Group, nos valeurs fondamentales guident chaque aspect de notre activit\u00e9. Elles refl\u00e8tent notre engagement envers nos clients, nos partenaires et l&#8217;environnement. Voici ce en quoi nous croyons :\u00a0 \u00a0 Qualit\u00e9 sup\u00e9rieure\u00a0:\u00a0La qualit\u00e9 est notre priorit\u00e9 num\u00e9ro un. Chaque fruit et l\u00e9gume est soigneusement s\u00e9lectionn\u00e9 et contr\u00f4l\u00e9. Authenticit\u00e9 culturelle\u00a0:\u00a0Nous [&hellip;]<\/p>\n","protected":false},"author":1,"featured_media":0,"parent":0,"menu_order":0,"comment_status":"closed","ping_status":"closed","template":"","meta":{"site-sidebar-layout":"no-sidebar","site-content-layout":"page-builder","ast-site-content-layout":"","site-content-style":"default","site-sidebar-style":"default","ast-global-header-display":"","ast-banner-title-visibility":"","ast-main-header-display":"","ast-hfb-above-header-display":"","ast-hfb-below-header-display":"","ast-hfb-mobile-header-display":"","site-post-title":"disabled","ast-breadcrumbs-content":"","ast-featured-img":"disabled","footer-sml-layout":"","theme-transparent-header-meta":"enabled","adv-header-id-meta":"","stick-header-meta":"","header-above-stick-meta":"","header-main-stick-meta":"","header-below-stick-meta":"","astra-migrate-meta-layouts":"default","ast-page-background-enabled":"default","ast-page-background-meta":{"desktop":{"background-color":"var(--ast-global-color-4)","background-image":"","background-repeat":"repeat","background-position":"center center","background-size":"auto","background-attachment":"scroll","background-type":"","background-media":"","overlay-type":"","overlay-color":"","overlay-opacity":"","overlay-gradient":""},"tablet":{"background-color":"","background-image":"","background-repeat":"repeat","background-position":"center center","background-size":"auto","background-attachment":"scroll","background-type":"","background-media":"","overlay-type":"","overlay-color":"","overlay-opacity":"","overlay-gradient":""},"mobile":{"background-color":"","background-image":"","background-repeat":"repeat","background-position":"center center","background-size":"auto","background-attachment":"scroll","background-type":"","background-media":"","overlay-type":"","overlay-color":"","overlay-opacity":"","overlay-gradient":""}},"ast-content-background-meta":{"desktop":{"background-color":"var(--ast-global-color-5)","background-image":"","background-repeat":"repeat","background-position":"center center","background-size":"auto","background-attachment":"scroll","background-type":"","background-media":"","overlay-type":"","overlay-color":"","overlay-opacity":"","overlay-gradient":""},"tablet":{"background-color":"var(--ast-global-color-5)","background-image":"","background-repeat":"repeat","background-position":"center center","background-size":"auto","background-attachment":"scroll","background-type":"","background-media":"","overlay-type":"","overlay-color":"","overlay-opacity":"","overlay-gradient":""},"mobile":{"background-color":"var(--ast-global-color-5)","background-image":"","background-repeat":"repeat","background-position":"center center","background-size":"auto","background-attachment":"scroll","background-type":"","background-media":"","overlay-type":"","overlay-color":"","overlay-opacity":"","overlay-gradient":""}},"footnotes":""},"class_list":["post-1319","page","type-page","status-publish","hentry"],"_links":{"self":[{"href":"https:\/\/moahegroup.com\/en\/wp-json\/wp\/v2\/pages\/1319"}],"collection":[{"href":"https:\/\/moahegroup.com\/en\/wp-json\/wp\/v2\/pages"}],"about":[{"href":"https:\/\/moahegroup.com\/en\/wp-json\/wp\/v2\/types\/page"}],"author":[{"embeddable":true,"href":"https:\/\/moahegroup.com\/en\/wp-json\/wp\/v2\/users\/1"}],"replies":[{"embeddable":true,"href":"https:\/\/moahegroup.com\/en\/wp-json\/wp\/v2\/comments?post=1319"}],"version-history":[{"count":43,"href":"https:\/\/moahegroup.com\/en\/wp-json\/wp\/v2\/pages\/1319\/revisions"}],"predecessor-version":[{"id":2302,"href":"https:\/\/moahegroup.com\/en\/wp-json\/wp\/v2\/pages\/1319\/revisions\/2302"}],"wp:attachment":[{"href":"https:\/\/moahegroup.com\/en\/wp-json\/wp\/v2\/media?parent=1319"}],"curies":[{"name":"wp","href":"https:\/\/api.w.org\/{rel}","templated":true}]}}