{"id":1706,"date":"2023-08-25T20:51:43","date_gmt":"2023-08-25T20:51:43","guid":{"rendered":"https:\/\/moahegroup.com\/?page_id=1706"},"modified":"2023-11-25T09:19:04","modified_gmt":"2023-11-25T09:19:04","slug":"mangues-2","status":"publish","type":"page","link":"https:\/\/moahegroup.com\/en\/mangues-2\/","title":{"rendered":"Mangues"},"content":{"rendered":"<div data-elementor-type=\"wp-page\" data-elementor-id=\"1706\" class=\"elementor elementor-1706\">\n\t\t\t\t\t\t<section class=\"elementor-section elementor-top-section elementor-element elementor-element-370093c elementor-section-height-min-height elementor-section-boxed elementor-section-height-default elementor-section-items-middle\" data-id=\"370093c\" data-element_type=\"section\" data-e-type=\"section\" data-settings=\"{&quot;background_background&quot;:&quot;classic&quot;}\">\n\t\t\t\t\t\t\t<div class=\"elementor-background-overlay\"><\/div>\n\t\t\t\t\t\t\t<div class=\"elementor-container elementor-column-gap-default\">\n\t\t\t\t\t<div class=\"elementor-column elementor-col-100 elementor-top-column elementor-element elementor-element-fa7dedd\" data-id=\"fa7dedd\" data-element_type=\"column\" data-e-type=\"column\">\n\t\t\t<div class=\"elementor-widget-wrap elementor-element-populated\">\n\t\t\t\t\t\t<div class=\"elementor-element elementor-element-4246a91 elementor-widget elementor-widget-heading\" data-id=\"4246a91\" data-element_type=\"widget\" data-e-type=\"widget\" data-widget_type=\"heading.default\">\n\t\t\t\t<div class=\"elementor-widget-container\">\n\t\t\t\t\t<h1 class=\"elementor-heading-title elementor-size-default\">Kent mangoes<\/h1>\t\t\t\t<\/div>\n\t\t\t\t<\/div>\n\t\t\t\t\t<\/div>\n\t\t<\/div>\n\t\t\t\t\t<\/div>\n\t\t<\/section>\n\t\t\t\t<section class=\"elementor-section elementor-top-section elementor-element elementor-element-7e5ea38 elementor-section-boxed elementor-section-height-default elementor-section-height-default\" data-id=\"7e5ea38\" data-element_type=\"section\" data-e-type=\"section\">\n\t\t\t\t\t\t<div class=\"elementor-container elementor-column-gap-default\">\n\t\t\t\t\t<div class=\"elementor-column elementor-col-100 elementor-top-column elementor-element elementor-element-04e52a7\" data-id=\"04e52a7\" data-element_type=\"column\" data-e-type=\"column\">\n\t\t\t<div class=\"elementor-widget-wrap elementor-element-populated\">\n\t\t\t\t\t\t<div class=\"elementor-element elementor-element-5db43ce elementor-widget__width-initial elementor-widget-mobile__width-initial elementor-widget elementor-widget-text-editor\" data-id=\"5db43ce\" data-element_type=\"widget\" data-e-type=\"widget\" data-widget_type=\"text-editor.default\">\n\t\t\t\t<div class=\"elementor-widget-container\">\n\t\t\t\t\t\t\t\t\t<p><strong>Specifications&nbsp;<\/strong><\/p>\n<ul>\n<li>Boat: 4kg pack size 6\/7\/8\/9\/10\/12<\/li>\n<li>Aircraft: 6kg pack calibre 8\/9\/10\/12<\/li>\n<\/ul>\n<div>&nbsp;<\/div>\n<div><b>Informations<\/b><br><b><br><\/b><\/div>\n<p>The Kent mango is a variety of mango much appreciated for its sweet, juicy and fragrant flesh. Some typical characteristics of the Kent mango:<\/p>\n<p><\/p>\n<p><b>Appearance<\/b> Kent mangoes are generally medium to large in size and oval in shape. Their skin is green with shades of yellow and orange-red when ripe. The skin may be slightly wrinkled, but is generally less rough than that of other mango varieties.<\/p>\n<p><\/p>\n<p><b>Flesh<\/b> : La chair de la mangue Kent est d&#8217;une couleur orang\u00e9e profonde. Elle est douce, juteuse et peu fibreuse, ce qui la rend tr\u00e8s appr\u00e9ci\u00e9e pour la consommation directe.<\/p>\n<p><\/p>\n<p><b>Taste and Flavour<\/b> : Les mangues Kent sont connues pour leur saveur sucr\u00e9e et riche. Elles ont des notes de miel, de p\u00eache et parfois de vanille. L&#8217;ar\u00f4me de la mangue Kent est \u00e9galement intense et agr\u00e9able.<\/p>\n<p><\/p>\n<p><b>Maturity<\/b> To select a ripe Kent mango, look for a bright yellow colour with orange-red spots. The skin may have a few wrinkles without being excessively soft. You can also smell something sweet near the stem.<\/p>\n<p><\/p>\n<p><b>Uses<\/b> Kent mangoes are excellent for eating fresh, sliced, diced or quartered. They are also perfect for fruit salads, smoothies, juices and tropical desserts.<\/p>\n<p><\/p>\n<p><b>Season<\/b> The season for Kent mangoes varies according to the region in which they are grown, but they are generally available during the summer and autumn months in many regions.<\/p>\n<p><\/p>\n<p><b>Storage<\/b> To extend their shelf life, store ripe Kent mangoes in the fridge. You can also freeze them for later use in preparations such as smoothies.<\/p>\n<p>The Kent mango is widely regarded as one of the tastiest varieties of mango, thanks to its soft, low-fibre flesh. It is very popular in many parts of the world where mangoes are grown.<\/p>\n<p><strong>&nbsp;<\/strong><\/p>\n<p><strong>Campaign calendar<\/strong><strong style=\"font-style: inherit; background-color: var(--ast-global-color-4);\"> :<\/strong><\/p>\n<p><b>&nbsp;<\/b><\/p>\n<p><span style=\"font-weight: bold;\">Transport :&nbsp;<\/span>boat<b><br><\/b><\/p>\n<p><strong style=\"font-style: inherit; background-color: var(--ast-global-color-4);\">Origine &amp;&nbsp;<\/strong><span style=\"font-weight: bold; background-color: var(--ast-global-color-4); font-size: 1rem;\">Disponibilit\u00e9 :&nbsp;<\/span><strong style=\"font-style: inherit; background-color: var(--ast-global-color-4);\">&nbsp;<\/strong><span style=\"background-color: var(--ast-global-color-4);\">Ivory Coast&nbsp;<\/span><span style=\"background-color: var(--ast-global-color-4); font-weight: bold;\">:&nbsp;<\/span><span style=\"background-color: var(--ast-global-color-4);\">April, May, June&nbsp;<\/span><span style=\"background-color: var(--ast-global-color-4);\">S\u00e9n\u00e9gal&nbsp;<\/span><span style=\"background-color: var(--ast-global-color-4); font-weight: bold;\">:&nbsp;<\/span><span style=\"background-color: var(--ast-global-color-4);\">May, June, July&nbsp;<\/span><span style=\"background-color: var(--ast-global-color-4);\">Burkina Faso: March, April, May<\/span><\/p>\n<p><\/p>\t\t\t\t\t\t\t\t<\/div>\n\t\t\t\t<\/div>\n\t\t\t\t\t<\/div>\n\t\t<\/div>\n\t\t\t\t\t<\/div>\n\t\t<\/section>\n\t\t\t\t<section class=\"elementor-section elementor-top-section elementor-element elementor-element-785079c elementor-section-boxed elementor-section-height-default elementor-section-height-default\" data-id=\"785079c\" data-element_type=\"section\" data-e-type=\"section\">\n\t\t\t\t\t\t<div class=\"elementor-container elementor-column-gap-default\">\n\t\t\t\t\t<div class=\"elementor-column elementor-col-100 elementor-top-column elementor-element elementor-element-5063eb3\" data-id=\"5063eb3\" data-element_type=\"column\" data-e-type=\"column\">\n\t\t\t<div class=\"elementor-widget-wrap\">\n\t\t\t\t\t\t\t<\/div>\n\t\t<\/div>\n\t\t\t\t\t<\/div>\n\t\t<\/section>\n\t\t\t\t<\/div>","protected":false},"excerpt":{"rendered":"<p>Mangues Kent Caract\u00e9ristiques&nbsp; Bateau : colis de 4kg calibre 6\/7\/8\/9\/10\/12 Avion : colis de 6kg calibre 8\/9\/10\/12 &nbsp; Informations La mangue Kent est une vari\u00e9t\u00e9 de mangue tr\u00e8s appr\u00e9ci\u00e9e pour sa chair douce, juteuse et parfum\u00e9e. Quelques caract\u00e9ristiques typiques de la mangue Kent: Apparence : Les mangues Kent sont g\u00e9n\u00e9ralement de taille moyenne \u00e0 grande [&hellip;]<\/p>\n","protected":false},"author":1,"featured_media":0,"parent":0,"menu_order":0,"comment_status":"closed","ping_status":"closed","template":"","meta":{"site-sidebar-layout":"no-sidebar","site-content-layout":"page-builder","ast-site-content-layout":"default","site-content-style":"default","site-sidebar-style":"default","ast-global-header-display":"","ast-banner-title-visibility":"","ast-main-header-display":"","ast-hfb-above-header-display":"","ast-hfb-below-header-display":"","ast-hfb-mobile-header-display":"","site-post-title":"disabled","ast-breadcrumbs-content":"","ast-featured-img":"disabled","footer-sml-layout":"","theme-transparent-header-meta":"","adv-header-id-meta":"","stick-header-meta":"","header-above-stick-meta":"","header-main-stick-meta":"","header-below-stick-meta":"","astra-migrate-meta-layouts":"set","ast-page-background-enabled":"default","ast-page-background-meta":{"desktop":{"background-color":"var(--ast-global-color-4)","background-image":"","background-repeat":"repeat","background-position":"center center","background-size":"auto","background-attachment":"scroll","background-type":"","background-media":"","overlay-type":"","overlay-color":"","overlay-opacity":"","overlay-gradient":""},"tablet":{"background-color":"","background-image":"","background-repeat":"repeat","background-position":"center center","background-size":"auto","background-attachment":"scroll","background-type":"","background-media":"","overlay-type":"","overlay-color":"","overlay-opacity":"","overlay-gradient":""},"mobile":{"background-color":"","background-image":"","background-repeat":"repeat","background-position":"center center","background-size":"auto","background-attachment":"scroll","background-type":"","background-media":"","overlay-type":"","overlay-color":"","overlay-opacity":"","overlay-gradient":""}},"ast-content-background-meta":{"desktop":{"background-color":"var(--ast-global-color-5)","background-image":"","background-repeat":"repeat","background-position":"center center","background-size":"auto","background-attachment":"scroll","background-type":"","background-media":"","overlay-type":"","overlay-color":"","overlay-opacity":"","overlay-gradient":""},"tablet":{"background-color":"var(--ast-global-color-5)","background-image":"","background-repeat":"repeat","background-position":"center center","background-size":"auto","background-attachment":"scroll","background-type":"","background-media":"","overlay-type":"","overlay-color":"","overlay-opacity":"","overlay-gradient":""},"mobile":{"background-color":"var(--ast-global-color-5)","background-image":"","background-repeat":"repeat","background-position":"center center","background-size":"auto","background-attachment":"scroll","background-type":"","background-media":"","overlay-type":"","overlay-color":"","overlay-opacity":"","overlay-gradient":""}},"footnotes":""},"class_list":["post-1706","page","type-page","status-publish","hentry"],"_links":{"self":[{"href":"https:\/\/moahegroup.com\/en\/wp-json\/wp\/v2\/pages\/1706"}],"collection":[{"href":"https:\/\/moahegroup.com\/en\/wp-json\/wp\/v2\/pages"}],"about":[{"href":"https:\/\/moahegroup.com\/en\/wp-json\/wp\/v2\/types\/page"}],"author":[{"embeddable":true,"href":"https:\/\/moahegroup.com\/en\/wp-json\/wp\/v2\/users\/1"}],"replies":[{"embeddable":true,"href":"https:\/\/moahegroup.com\/en\/wp-json\/wp\/v2\/comments?post=1706"}],"version-history":[{"count":177,"href":"https:\/\/moahegroup.com\/en\/wp-json\/wp\/v2\/pages\/1706\/revisions"}],"predecessor-version":[{"id":2570,"href":"https:\/\/moahegroup.com\/en\/wp-json\/wp\/v2\/pages\/1706\/revisions\/2570"}],"wp:attachment":[{"href":"https:\/\/moahegroup.com\/en\/wp-json\/wp\/v2\/media?parent=1706"}],"curies":[{"name":"wp","href":"https:\/\/api.w.org\/{rel}","templated":true}]}}