{"id":1767,"date":"2023-08-26T09:47:47","date_gmt":"2023-08-26T09:47:47","guid":{"rendered":"https:\/\/moahegroup.com\/?page_id=1767"},"modified":"2023-11-05T20:20:33","modified_gmt":"2023-11-05T20:20:33","slug":"noix-de-coco","status":"publish","type":"page","link":"https:\/\/moahegroup.com\/en\/noix-de-coco\/","title":{"rendered":"Coconuts"},"content":{"rendered":"<div data-elementor-type=\"wp-page\" data-elementor-id=\"1767\" class=\"elementor elementor-1767\">\n\t\t\t\t\t\t<section class=\"elementor-section elementor-top-section elementor-element elementor-element-cbb1457 elementor-section-height-min-height elementor-section-boxed elementor-section-height-default elementor-section-items-middle\" data-id=\"cbb1457\" data-element_type=\"section\" data-e-type=\"section\" data-settings=\"{&quot;background_background&quot;:&quot;classic&quot;}\">\n\t\t\t\t\t\t\t<div class=\"elementor-background-overlay\"><\/div>\n\t\t\t\t\t\t\t<div class=\"elementor-container elementor-column-gap-default\">\n\t\t\t\t\t<div class=\"elementor-column elementor-col-100 elementor-top-column elementor-element elementor-element-1f4bc73\" data-id=\"1f4bc73\" data-element_type=\"column\" data-e-type=\"column\">\n\t\t\t<div class=\"elementor-widget-wrap elementor-element-populated\">\n\t\t\t\t\t\t<div class=\"elementor-element elementor-element-4031af2 elementor-widget elementor-widget-heading\" data-id=\"4031af2\" data-element_type=\"widget\" data-e-type=\"widget\" data-widget_type=\"heading.default\">\n\t\t\t\t<div class=\"elementor-widget-container\">\n\t\t\t\t\t<h1 class=\"elementor-heading-title elementor-size-default\">Coconuts<\/h1>\t\t\t\t<\/div>\n\t\t\t\t<\/div>\n\t\t\t\t\t<\/div>\n\t\t<\/div>\n\t\t\t\t\t<\/div>\n\t\t<\/section>\n\t\t\t\t<section class=\"elementor-section elementor-top-section elementor-element elementor-element-aaca43e elementor-section-boxed elementor-section-height-default elementor-section-height-default\" data-id=\"aaca43e\" data-element_type=\"section\" data-e-type=\"section\">\n\t\t\t\t\t\t<div class=\"elementor-container elementor-column-gap-default\">\n\t\t\t\t\t<div class=\"elementor-column elementor-col-100 elementor-top-column elementor-element elementor-element-0cf877c\" data-id=\"0cf877c\" data-element_type=\"column\" data-e-type=\"column\">\n\t\t\t<div class=\"elementor-widget-wrap elementor-element-populated\">\n\t\t\t\t\t\t<div class=\"elementor-element elementor-element-3912b47 elementor-widget elementor-widget-text-editor\" data-id=\"3912b47\" data-element_type=\"widget\" data-e-type=\"widget\" data-widget_type=\"text-editor.default\">\n\t\t\t\t<div class=\"elementor-widget-container\">\n\t\t\t\t\t\t\t\t\t<p><b>Specifications<\/b><\/p>\n<p><\/p>\n<p>Coconut boat : 23kg bags&nbsp;<\/p>\n<p>Calibre 35 to 55<\/p>\n<p><br><\/p>\n<p><\/p>\n<p><b>Informations<\/b><\/p>\n<p><b><br><\/b><\/p>\n<p><\/p>\n<p>Coconut is a uniquely versatile tropical fruit, prized for its sweet, juicy flesh and refreshing water. Here are some important characteristics of coconuts:<\/p>\n<p><br><\/p>\n<p><\/p>\n<p><b>Appearance<\/b>&nbsp;:&nbsp;<span style=\"font-style: inherit; font-weight: inherit; background-color: var(--ast-global-color-4);\">The coconut is a spherical fruit with a hard, fibrous outer shell. The shell is generally brown to beige in colour, but this can vary depending on the degree of ripeness and the variety.<\/span><\/p>\n<p><br><\/p>\n<p><\/p>\n<p><b>Maturity :&nbsp;<\/b><span style=\"font-style: inherit; font-weight: inherit; background-color: var(--ast-global-color-4);\">Coconut ripeness plays an important role in its taste, texture and uses. Here's how to identify the different stages of coconut ripeness and what they are generally suitable for:<\/span><\/p>\n<p><br><\/p>\n<p><\/p>\n<p>- Young coconut: At this stage, the coconut is still green and has not developed its hard shell. It is harvested for its refreshing coconut water and tender flesh. The coconut water in a young coconut is often more abundant and slightly sweet. The flesh is generally thin and gelatinous, perfect for eating directly or using in smoothies and desserts.<\/p>\n<p><br><\/p>\n<p><\/p>\n<p>- Medium-ripe coconuts: As the coconut ripens, the shell becomes harder and the colour can change from green to brown. At this stage, the coconut water is still present, but its quantity generally decreases. The flesh is thicker and firmer than that of young coconuts. It can be used for direct consumption, to grate and use in dishes, or to extract coconut milk.<\/p>\n<p><br><\/p>\n<p><\/p>\n<p>- Mature coconut: A mature coconut has a hard, brown shell. At this stage, the coconut water has almost completely transformed into solid flesh. The flesh is thick and firm, perfect for grating and using in cooking and baking recipes. Coconut oil is also extracted from the flesh of mature coconuts.<\/p>\n<p><\/p>\n<p>Coconut is a staple food in many tropical cuisines and a valuable source of nutrition and hydration, as well as a versatile ingredient for cooking and personal care.<\/p>\n<p><br><\/p>\n<p><\/p>\n<p><strong>Campaign calendar<\/strong><\/p>\n<p><strong><br><\/strong><\/p>\n<p style=\"font-size: 16px; font-style: normal; font-weight: 400; color: rgb(0, 0, 0);\"><span style=\"font-weight: 700;\">Origin<\/span>&nbsp;Ivory Coast<br><span style=\"font-weight: 700;\">Transport :<\/span>&nbsp;boat<\/p>\n<p style=\"font-size: 16px; font-style: normal; font-weight: 400; color: rgb(0, 0, 0);\"><span style=\"font-weight: 700;\">Disponibility :<\/span>&nbsp;all year round&nbsp;<\/p>\t\t\t\t\t\t\t\t<\/div>\n\t\t\t\t<\/div>\n\t\t\t\t\t<\/div>\n\t\t<\/div>\n\t\t\t\t\t<\/div>\n\t\t<\/section>\n\t\t\t\t<\/div>","protected":false},"excerpt":{"rendered":"<p>Noix de coco Caract\u00e9ristiques Noix de coco bateau : Sacs de 23kg&nbsp; Calibre 35 \u00e0 55 Informations La noix de coco est un fruit tropical polyvalent et unique, appr\u00e9ci\u00e9 pour sa chair douce et juteuse, ainsi que pour son eau rafra\u00eechissante. Voici quelques caract\u00e9ristiques importantes de la noix de coco : Apparence&nbsp;:&nbsp;La noix de coco [&hellip;]<\/p>\n","protected":false},"author":1,"featured_media":0,"parent":0,"menu_order":0,"comment_status":"closed","ping_status":"closed","template":"","meta":{"site-sidebar-layout":"no-sidebar","site-content-layout":"page-builder","ast-site-content-layout":"default","site-content-style":"default","site-sidebar-style":"default","ast-global-header-display":"","ast-banner-title-visibility":"","ast-main-header-display":"","ast-hfb-above-header-display":"","ast-hfb-below-header-display":"","ast-hfb-mobile-header-display":"","site-post-title":"disabled","ast-breadcrumbs-content":"","ast-featured-img":"disabled","footer-sml-layout":"","theme-transparent-header-meta":"","adv-header-id-meta":"","stick-header-meta":"","header-above-stick-meta":"","header-main-stick-meta":"","header-below-stick-meta":"","astra-migrate-meta-layouts":"set","ast-page-background-enabled":"default","ast-page-background-meta":{"desktop":{"background-color":"var(--ast-global-color-4)","background-image":"","background-repeat":"repeat","background-position":"center center","background-size":"auto","background-attachment":"scroll","background-type":"","background-media":"","overlay-type":"","overlay-color":"","overlay-opacity":"","overlay-gradient":""},"tablet":{"background-color":"","background-image":"","background-repeat":"repeat","background-position":"center center","background-size":"auto","background-attachment":"scroll","background-type":"","background-media":"","overlay-type":"","overlay-color":"","overlay-opacity":"","overlay-gradient":""},"mobile":{"background-color":"","background-image":"","background-repeat":"repeat","background-position":"center center","background-size":"auto","background-attachment":"scroll","background-type":"","background-media":"","overlay-type":"","overlay-color":"","overlay-opacity":"","overlay-gradient":""}},"ast-content-background-meta":{"desktop":{"background-color":"var(--ast-global-color-5)","background-image":"","background-repeat":"repeat","background-position":"center center","background-size":"auto","background-attachment":"scroll","background-type":"","background-media":"","overlay-type":"","overlay-color":"","overlay-opacity":"","overlay-gradient":""},"tablet":{"background-color":"var(--ast-global-color-5)","background-image":"","background-repeat":"repeat","background-position":"center center","background-size":"auto","background-attachment":"scroll","background-type":"","background-media":"","overlay-type":"","overlay-color":"","overlay-opacity":"","overlay-gradient":""},"mobile":{"background-color":"var(--ast-global-color-5)","background-image":"","background-repeat":"repeat","background-position":"center center","background-size":"auto","background-attachment":"scroll","background-type":"","background-media":"","overlay-type":"","overlay-color":"","overlay-opacity":"","overlay-gradient":""}},"footnotes":""},"class_list":["post-1767","page","type-page","status-publish","hentry"],"_links":{"self":[{"href":"https:\/\/moahegroup.com\/en\/wp-json\/wp\/v2\/pages\/1767"}],"collection":[{"href":"https:\/\/moahegroup.com\/en\/wp-json\/wp\/v2\/pages"}],"about":[{"href":"https:\/\/moahegroup.com\/en\/wp-json\/wp\/v2\/types\/page"}],"author":[{"embeddable":true,"href":"https:\/\/moahegroup.com\/en\/wp-json\/wp\/v2\/users\/1"}],"replies":[{"embeddable":true,"href":"https:\/\/moahegroup.com\/en\/wp-json\/wp\/v2\/comments?post=1767"}],"version-history":[{"count":33,"href":"https:\/\/moahegroup.com\/en\/wp-json\/wp\/v2\/pages\/1767\/revisions"}],"predecessor-version":[{"id":2394,"href":"https:\/\/moahegroup.com\/en\/wp-json\/wp\/v2\/pages\/1767\/revisions\/2394"}],"wp:attachment":[{"href":"https:\/\/moahegroup.com\/en\/wp-json\/wp\/v2\/media?parent=1767"}],"curies":[{"name":"wp","href":"https:\/\/api.w.org\/{rel}","templated":true}]}}