{"id":1795,"date":"2023-08-26T10:35:27","date_gmt":"2023-08-26T10:35:27","guid":{"rendered":"https:\/\/moahegroup.com\/?page_id=1795"},"modified":"2023-11-05T21:44:17","modified_gmt":"2023-11-05T21:44:17","slug":"maniocs","status":"publish","type":"page","link":"https:\/\/moahegroup.com\/en\/maniocs\/","title":{"rendered":"Cassavas"},"content":{"rendered":"<div data-elementor-type=\"wp-page\" data-elementor-id=\"1795\" class=\"elementor elementor-1795\">\n\t\t\t\t\t\t<section class=\"elementor-section elementor-top-section elementor-element elementor-element-866c504 elementor-section-height-min-height elementor-section-boxed elementor-section-height-default elementor-section-items-middle\" data-id=\"866c504\" data-element_type=\"section\" data-e-type=\"section\" data-settings=\"{&quot;background_background&quot;:&quot;classic&quot;}\">\n\t\t\t\t\t\t\t<div class=\"elementor-background-overlay\"><\/div>\n\t\t\t\t\t\t\t<div class=\"elementor-container elementor-column-gap-default\">\n\t\t\t\t\t<div class=\"elementor-column elementor-col-100 elementor-top-column elementor-element elementor-element-78cdb1b\" data-id=\"78cdb1b\" data-element_type=\"column\" data-e-type=\"column\">\n\t\t\t<div class=\"elementor-widget-wrap elementor-element-populated\">\n\t\t\t\t\t\t<div class=\"elementor-element elementor-element-0be421e elementor-widget elementor-widget-heading\" data-id=\"0be421e\" data-element_type=\"widget\" data-e-type=\"widget\" data-widget_type=\"heading.default\">\n\t\t\t\t<div class=\"elementor-widget-container\">\n\t\t\t\t\t<h1 class=\"elementor-heading-title elementor-size-default\">Cassavas<\/h1>\t\t\t\t<\/div>\n\t\t\t\t<\/div>\n\t\t\t\t\t<\/div>\n\t\t<\/div>\n\t\t\t\t\t<\/div>\n\t\t<\/section>\n\t\t\t\t<section class=\"elementor-section elementor-top-section elementor-element elementor-element-1d3ccf9 elementor-section-boxed elementor-section-height-default elementor-section-height-default\" data-id=\"1d3ccf9\" data-element_type=\"section\" data-e-type=\"section\">\n\t\t\t\t\t\t<div class=\"elementor-container elementor-column-gap-default\">\n\t\t\t\t\t<div class=\"elementor-column elementor-col-100 elementor-top-column elementor-element elementor-element-b4b330b\" data-id=\"b4b330b\" data-element_type=\"column\" data-e-type=\"column\">\n\t\t\t<div class=\"elementor-widget-wrap elementor-element-populated\">\n\t\t\t\t\t\t<div class=\"elementor-element elementor-element-de3d442 elementor-widget elementor-widget-text-editor\" data-id=\"de3d442\" data-element_type=\"widget\" data-e-type=\"widget\" data-widget_type=\"text-editor.default\">\n\t\t\t\t<div class=\"elementor-widget-container\">\n\t\t\t\t\t\t\t\t\t<p><b><br><\/b><\/p>\n<p><b>Specifications<\/b><\/p>\n<p>Manioc Bateau: Boxes of 4, 5 or 6 kg<\/p>\n<p><br><\/p>\n<p><\/p>\n<p>I<b>nformations<\/b><\/p>\n<p>Cassava is an edible root native to South America, widely cultivated for its nutritional value and culinary versatility. Here are some important characteristics of cassava:<\/p>\n<p><br><\/p>\n<p><\/p>\n<p><b>Versatile root<\/b> Cassava is appreciated for its culinary versatility. It can be prepared in a variety of ways, including as flour, tapioca, pur\u00e9e, chips, fritters and much more.<\/p>\n<p><br><\/p>\n<p><\/p>\n<p><b>Types of cassava<\/b> There are two main types of cassava: sweet and bitter. Sweet cassava can be eaten after minimal cooking, while bitter cassava contains toxic compounds that require specific treatment before consumption.<\/p>\n<p><b>&nbsp;<\/b><\/p>\n<p><b>Nutritional value : <\/b>Cassava is an excellent source of complex carbohydrates, making it an important source of energy in many regions. However, it is relatively low in protein and vitamins compared with other food sources. It can be an important part of a balanced diet.<\/p>\n<p><br><\/p>\n<p><\/p>\n<p><b>Culinary use :<\/b> Cassava is used to prepare a variety of traditional dishes in different cultures. It can be grated to make flour, processed into tapioca for desserts and drinks, cooked to make purees or chips, and even used in the preparation of bakery products.<\/p>\n<p><br><\/p>\n<p><b>Adaptability<\/b> Cassava grows well in a wide range of soils and climates, making it an important crop for regions where other crops may not thrive as easily.<br><\/p>\n<p><b>&nbsp;<\/b><\/p>\n<p><b style=\"font-style: inherit; background-color: var(--ast-global-color-4);\">Campaign calendar<\/b><br><\/p><p><b style=\"font-style: inherit; background-color: var(--ast-global-color-4);\"><br><\/b><\/p><div>\n<p><b>Origine : <\/b>Ivory Coast, Senegal<\/p>\n<p><b>Transport :<\/b> boat<\/p><p><b>Disponibility :<\/b> all year round&nbsp;<\/p>\n<\/div>\t\t\t\t\t\t\t\t<\/div>\n\t\t\t\t<\/div>\n\t\t\t\t\t<\/div>\n\t\t<\/div>\n\t\t\t\t\t<\/div>\n\t\t<\/section>\n\t\t\t\t<\/div>","protected":false},"excerpt":{"rendered":"<p>Maniocs Caract\u00e9ristiques Manioc Bateau : Carton de 4, 5 ou 6 kg Informations Le manioc est une racine comestible originaire d&#8217;Am\u00e9rique du Sud, largement cultiv\u00e9e pour sa valeur nutritionnelle et sa polyvalence culinaire. Voici quelques caract\u00e9ristiques importantes du manioc : Racine polyvalente : Le manioc est appr\u00e9ci\u00e9 pour sa polyvalence culinaire. Il peut \u00eatre pr\u00e9par\u00e9 [&hellip;]<\/p>\n","protected":false},"author":1,"featured_media":0,"parent":0,"menu_order":0,"comment_status":"closed","ping_status":"closed","template":"","meta":{"site-sidebar-layout":"no-sidebar","site-content-layout":"page-builder","ast-site-content-layout":"default","site-content-style":"default","site-sidebar-style":"default","ast-global-header-display":"","ast-banner-title-visibility":"","ast-main-header-display":"","ast-hfb-above-header-display":"","ast-hfb-below-header-display":"","ast-hfb-mobile-header-display":"","site-post-title":"disabled","ast-breadcrumbs-content":"","ast-featured-img":"disabled","footer-sml-layout":"","theme-transparent-header-meta":"","adv-header-id-meta":"","stick-header-meta":"","header-above-stick-meta":"","header-main-stick-meta":"","header-below-stick-meta":"","astra-migrate-meta-layouts":"set","ast-page-background-enabled":"default","ast-page-background-meta":{"desktop":{"background-color":"var(--ast-global-color-4)","background-image":"","background-repeat":"repeat","background-position":"center center","background-size":"auto","background-attachment":"scroll","background-type":"","background-media":"","overlay-type":"","overlay-color":"","overlay-opacity":"","overlay-gradient":""},"tablet":{"background-color":"","background-image":"","background-repeat":"repeat","background-position":"center center","background-size":"auto","background-attachment":"scroll","background-type":"","background-media":"","overlay-type":"","overlay-color":"","overlay-opacity":"","overlay-gradient":""},"mobile":{"background-color":"","background-image":"","background-repeat":"repeat","background-position":"center center","background-size":"auto","background-attachment":"scroll","background-type":"","background-media":"","overlay-type":"","overlay-color":"","overlay-opacity":"","overlay-gradient":""}},"ast-content-background-meta":{"desktop":{"background-color":"var(--ast-global-color-5)","background-image":"","background-repeat":"repeat","background-position":"center center","background-size":"auto","background-attachment":"scroll","background-type":"","background-media":"","overlay-type":"","overlay-color":"","overlay-opacity":"","overlay-gradient":""},"tablet":{"background-color":"var(--ast-global-color-5)","background-image":"","background-repeat":"repeat","background-position":"center center","background-size":"auto","background-attachment":"scroll","background-type":"","background-media":"","overlay-type":"","overlay-color":"","overlay-opacity":"","overlay-gradient":""},"mobile":{"background-color":"var(--ast-global-color-5)","background-image":"","background-repeat":"repeat","background-position":"center center","background-size":"auto","background-attachment":"scroll","background-type":"","background-media":"","overlay-type":"","overlay-color":"","overlay-opacity":"","overlay-gradient":""}},"footnotes":""},"class_list":["post-1795","page","type-page","status-publish","hentry"],"_links":{"self":[{"href":"https:\/\/moahegroup.com\/en\/wp-json\/wp\/v2\/pages\/1795"}],"collection":[{"href":"https:\/\/moahegroup.com\/en\/wp-json\/wp\/v2\/pages"}],"about":[{"href":"https:\/\/moahegroup.com\/en\/wp-json\/wp\/v2\/types\/page"}],"author":[{"embeddable":true,"href":"https:\/\/moahegroup.com\/en\/wp-json\/wp\/v2\/users\/1"}],"replies":[{"embeddable":true,"href":"https:\/\/moahegroup.com\/en\/wp-json\/wp\/v2\/comments?post=1795"}],"version-history":[{"count":23,"href":"https:\/\/moahegroup.com\/en\/wp-json\/wp\/v2\/pages\/1795\/revisions"}],"predecessor-version":[{"id":2407,"href":"https:\/\/moahegroup.com\/en\/wp-json\/wp\/v2\/pages\/1795\/revisions\/2407"}],"wp:attachment":[{"href":"https:\/\/moahegroup.com\/en\/wp-json\/wp\/v2\/media?parent=1795"}],"curies":[{"name":"wp","href":"https:\/\/api.w.org\/{rel}","templated":true}]}}