{"id":1820,"date":"2023-08-26T11:16:02","date_gmt":"2023-08-26T11:16:02","guid":{"rendered":"https:\/\/moahegroup.com\/?page_id=1820"},"modified":"2023-11-25T09:26:52","modified_gmt":"2023-11-25T09:26:52","slug":"piments","status":"publish","type":"page","link":"https:\/\/moahegroup.com\/en\/piments\/","title":{"rendered":"Peppers"},"content":{"rendered":"<div data-elementor-type=\"wp-page\" data-elementor-id=\"1820\" class=\"elementor elementor-1820\">\n\t\t\t\t\t\t<section class=\"elementor-section elementor-top-section elementor-element elementor-element-248625e elementor-section-height-min-height elementor-section-boxed elementor-section-height-default elementor-section-items-middle\" data-id=\"248625e\" data-element_type=\"section\" data-e-type=\"section\" data-settings=\"{&quot;background_background&quot;:&quot;classic&quot;}\">\n\t\t\t\t\t\t\t<div class=\"elementor-background-overlay\"><\/div>\n\t\t\t\t\t\t\t<div class=\"elementor-container elementor-column-gap-default\">\n\t\t\t\t\t<div class=\"elementor-column elementor-col-100 elementor-top-column elementor-element elementor-element-b0f0a38\" data-id=\"b0f0a38\" data-element_type=\"column\" data-e-type=\"column\">\n\t\t\t<div class=\"elementor-widget-wrap elementor-element-populated\">\n\t\t\t\t\t\t<div class=\"elementor-element elementor-element-ab50e67 elementor-widget elementor-widget-heading\" data-id=\"ab50e67\" data-element_type=\"widget\" data-e-type=\"widget\" data-widget_type=\"heading.default\">\n\t\t\t\t<div class=\"elementor-widget-container\">\n\t\t\t\t\t<h1 class=\"elementor-heading-title elementor-size-default\">Peppers<\/h1>\t\t\t\t<\/div>\n\t\t\t\t<\/div>\n\t\t\t\t\t<\/div>\n\t\t<\/div>\n\t\t\t\t\t<\/div>\n\t\t<\/section>\n\t\t\t\t<section class=\"elementor-section elementor-top-section elementor-element elementor-element-00fd835 elementor-section-boxed elementor-section-height-default elementor-section-height-default\" data-id=\"00fd835\" data-element_type=\"section\" data-e-type=\"section\">\n\t\t\t\t\t\t<div class=\"elementor-container elementor-column-gap-default\">\n\t\t\t\t\t<div class=\"elementor-column elementor-col-100 elementor-top-column elementor-element elementor-element-d2bb239\" data-id=\"d2bb239\" data-element_type=\"column\" data-e-type=\"column\">\n\t\t\t<div class=\"elementor-widget-wrap elementor-element-populated\">\n\t\t\t\t\t\t<div class=\"elementor-element elementor-element-17f5a40 elementor-widget elementor-widget-text-editor\" data-id=\"17f5a40\" data-element_type=\"widget\" data-e-type=\"widget\" data-widget_type=\"text-editor.default\">\n\t\t\t\t<div class=\"elementor-widget-container\">\n\t\t\t\t\t\t\t\t\t<p><b>Specifications<\/b><\/p>\n<p>Fresh chilli pepper by plane: 3, 4 or 5kg box<\/p>\n<p><br><\/p>\n<p><\/p>\n<p><b>Informations<\/b><\/p>\n<p>Chillies, also known as peppers or chillies, are fruits belonging to the Solanaceae family. They are widely used in cooking all over the world to add flavour, heat and colour to dishes. Here are some important characteristics of chillies:<\/p>\n<p><br><\/p>\n<p><\/p>\n<p><b>Variety<\/b> There is a wide variety of chillies with different degrees of spiciness and flavour. Varieties range from mild to very hot, each with its own culinary uses.<\/p>\n<p><br><\/p>\n<p><b>Uses<\/b> Chillies are used fresh, dried, powdered or in sauces to add heat and flavour to dishes. They can be added to savoury, sweet or spicy dishes, and can even be used to make marinades and condiments.<br><\/p>\n<p><br><\/p>\n<p><\/p>\n<p><b>Variety<\/b> <b>popular<\/b> Some well-known chilli varieties include sweet peppers, jalape\u00f1os, habaneros, serranos, cayenne and, of course, very hot chillies such as Carolina Reaper and Bhut Jolokia.<br><\/p>\n<p><br><\/p>\n<p><\/p>\n<p><b>Nutritional Value<\/b> Chillies are rich in vitamins C and A and antioxidants. Capsaicin, the compound responsible for heat, is also associated with health benefits such as boosting the metabolism.<\/p>\n<p><\/p>\n<p>Utilisation dans la Cuisine : Ils sont utilis\u00e9s dans une vari\u00e9t\u00e9 de cuisines, notamment la cuisine mexicaine, indienne, tha\u00eflandaise, chinoise et bien d&#8217;autres. Ils peuvent \u00eatre farcis, ajout\u00e9s aux sauces, utilis\u00e9s pour faire des salsas et m\u00eame utilis\u00e9s dans des plats de fruits de mer et de viande.<\/p>\n<p><br><\/p>\n<p><\/p>\n<p><b>Conservation<\/b> Fresh chillies can be stored in the fridge for a few days. Chillies can also be dried, frozen or ground into powder for later use.<\/p>\n<p><\/p>\n<p><br><\/p>\n<p><\/p>\n<p>Chillies add an exciting dimension to cooking, bringing warmth and flavour.<\/p>\n<p><br><\/p>\n<p><\/p>\n<p><b>Calendar<\/b> <b>of<\/b> <b>campagne :<\/b><\/p>\n<p>On request<\/p>\n<p><\/p>\t\t\t\t\t\t\t\t<\/div>\n\t\t\t\t<\/div>\n\t\t\t\t\t<\/div>\n\t\t<\/div>\n\t\t\t\t\t<\/div>\n\t\t<\/section>\n\t\t\t\t<\/div>","protected":false},"excerpt":{"rendered":"<p>Piments Caract\u00e9ristiques Piment frais avion : Carton 3, 4 ou 5kg Informations Les piments, \u00e9galement connus sous le nom de poivrons ou de chili, sont des fruits appartenant \u00e0 la famille des Solanac\u00e9es. Ils sont largement utilis\u00e9s dans la cuisine du monde entier pour ajouter de la saveur, de la chaleur et de la couleur [&hellip;]<\/p>\n","protected":false},"author":1,"featured_media":0,"parent":0,"menu_order":0,"comment_status":"closed","ping_status":"closed","template":"","meta":{"site-sidebar-layout":"no-sidebar","site-content-layout":"page-builder","ast-site-content-layout":"default","site-content-style":"default","site-sidebar-style":"default","ast-global-header-display":"","ast-banner-title-visibility":"","ast-main-header-display":"","ast-hfb-above-header-display":"","ast-hfb-below-header-display":"","ast-hfb-mobile-header-display":"","site-post-title":"disabled","ast-breadcrumbs-content":"","ast-featured-img":"disabled","footer-sml-layout":"","theme-transparent-header-meta":"","adv-header-id-meta":"","stick-header-meta":"","header-above-stick-meta":"","header-main-stick-meta":"","header-below-stick-meta":"","astra-migrate-meta-layouts":"set","ast-page-background-enabled":"default","ast-page-background-meta":{"desktop":{"background-color":"var(--ast-global-color-4)","background-image":"","background-repeat":"repeat","background-position":"center center","background-size":"auto","background-attachment":"scroll","background-type":"","background-media":"","overlay-type":"","overlay-color":"","overlay-opacity":"","overlay-gradient":""},"tablet":{"background-color":"","background-image":"","background-repeat":"repeat","background-position":"center center","background-size":"auto","background-attachment":"scroll","background-type":"","background-media":"","overlay-type":"","overlay-color":"","overlay-opacity":"","overlay-gradient":""},"mobile":{"background-color":"","background-image":"","background-repeat":"repeat","background-position":"center center","background-size":"auto","background-attachment":"scroll","background-type":"","background-media":"","overlay-type":"","overlay-color":"","overlay-opacity":"","overlay-gradient":""}},"ast-content-background-meta":{"desktop":{"background-color":"var(--ast-global-color-5)","background-image":"","background-repeat":"repeat","background-position":"center center","background-size":"auto","background-attachment":"scroll","background-type":"","background-media":"","overlay-type":"","overlay-color":"","overlay-opacity":"","overlay-gradient":""},"tablet":{"background-color":"var(--ast-global-color-5)","background-image":"","background-repeat":"repeat","background-position":"center center","background-size":"auto","background-attachment":"scroll","background-type":"","background-media":"","overlay-type":"","overlay-color":"","overlay-opacity":"","overlay-gradient":""},"mobile":{"background-color":"var(--ast-global-color-5)","background-image":"","background-repeat":"repeat","background-position":"center center","background-size":"auto","background-attachment":"scroll","background-type":"","background-media":"","overlay-type":"","overlay-color":"","overlay-opacity":"","overlay-gradient":""}},"footnotes":""},"class_list":["post-1820","page","type-page","status-publish","hentry"],"_links":{"self":[{"href":"https:\/\/moahegroup.com\/en\/wp-json\/wp\/v2\/pages\/1820"}],"collection":[{"href":"https:\/\/moahegroup.com\/en\/wp-json\/wp\/v2\/pages"}],"about":[{"href":"https:\/\/moahegroup.com\/en\/wp-json\/wp\/v2\/types\/page"}],"author":[{"embeddable":true,"href":"https:\/\/moahegroup.com\/en\/wp-json\/wp\/v2\/users\/1"}],"replies":[{"embeddable":true,"href":"https:\/\/moahegroup.com\/en\/wp-json\/wp\/v2\/comments?post=1820"}],"version-history":[{"count":23,"href":"https:\/\/moahegroup.com\/en\/wp-json\/wp\/v2\/pages\/1820\/revisions"}],"predecessor-version":[{"id":2576,"href":"https:\/\/moahegroup.com\/en\/wp-json\/wp\/v2\/pages\/1820\/revisions\/2576"}],"wp:attachment":[{"href":"https:\/\/moahegroup.com\/en\/wp-json\/wp\/v2\/media?parent=1820"}],"curies":[{"name":"wp","href":"https:\/\/api.w.org\/{rel}","templated":true}]}}