{"id":1835,"date":"2023-08-26T11:20:40","date_gmt":"2023-08-26T11:20:40","guid":{"rendered":"https:\/\/moahegroup.com\/?page_id=1835"},"modified":"2023-11-25T09:27:50","modified_gmt":"2023-11-25T09:27:50","slug":"haricots-verts","status":"publish","type":"page","link":"https:\/\/moahegroup.com\/en\/haricots-verts\/","title":{"rendered":"Green beans"},"content":{"rendered":"<div data-elementor-type=\"wp-page\" data-elementor-id=\"1835\" class=\"elementor elementor-1835\">\n\t\t\t\t\t\t<section class=\"elementor-section elementor-top-section elementor-element elementor-element-ec2322a elementor-section-height-min-height elementor-section-boxed elementor-section-height-default elementor-section-items-middle\" data-id=\"ec2322a\" data-element_type=\"section\" data-e-type=\"section\" data-settings=\"{&quot;background_background&quot;:&quot;classic&quot;}\">\n\t\t\t\t\t\t\t<div class=\"elementor-background-overlay\"><\/div>\n\t\t\t\t\t\t\t<div class=\"elementor-container elementor-column-gap-default\">\n\t\t\t\t\t<div class=\"elementor-column elementor-col-100 elementor-top-column elementor-element elementor-element-ee001d1\" data-id=\"ee001d1\" data-element_type=\"column\" data-e-type=\"column\">\n\t\t\t<div class=\"elementor-widget-wrap elementor-element-populated\">\n\t\t\t\t\t\t<div class=\"elementor-element elementor-element-5f0e32b elementor-widget elementor-widget-heading\" data-id=\"5f0e32b\" data-element_type=\"widget\" data-e-type=\"widget\" data-widget_type=\"heading.default\">\n\t\t\t\t<div class=\"elementor-widget-container\">\n\t\t\t\t\t<h1 class=\"elementor-heading-title elementor-size-default\">Green beans<\/h1>\t\t\t\t<\/div>\n\t\t\t\t<\/div>\n\t\t\t\t\t<\/div>\n\t\t<\/div>\n\t\t\t\t\t<\/div>\n\t\t<\/section>\n\t\t\t\t<section class=\"elementor-section elementor-top-section elementor-element elementor-element-8fb36fe elementor-section-boxed elementor-section-height-default elementor-section-height-default\" data-id=\"8fb36fe\" data-element_type=\"section\" data-e-type=\"section\">\n\t\t\t\t\t\t<div class=\"elementor-container elementor-column-gap-default\">\n\t\t\t\t\t<div class=\"elementor-column elementor-col-100 elementor-top-column elementor-element elementor-element-a5426a6\" data-id=\"a5426a6\" data-element_type=\"column\" data-e-type=\"column\">\n\t\t\t<div class=\"elementor-widget-wrap elementor-element-populated\">\n\t\t\t\t\t\t<div class=\"elementor-element elementor-element-533253c elementor-widget elementor-widget-text-editor\" data-id=\"533253c\" data-element_type=\"widget\" data-e-type=\"widget\" data-widget_type=\"text-editor.default\">\n\t\t\t\t<div class=\"elementor-widget-container\">\n\t\t\t\t\t\t\t\t\t<p><b>Specifications<\/b><\/p>\n<p><span style=\"font-style: inherit; font-weight: inherit; background-color: var(--ast-global-color-4);\">Bobby Avion green beans : 4kg box<\/span><br><\/p>\n<p><span style=\"font-style: inherit; font-weight: inherit; background-color: var(--ast-global-color-4); color: var(--ast-global-color-3);\">&nbsp;<\/span><\/p>\n<p><strong>Informations<\/strong><\/p>\n<p>Green beans, also known as mange-tout or French green beans, are elongated, narrow green vegetables that are appreciated for their delicious flavour and crunchy texture. Here are some important characteristics of green beans:<\/p>\n<p><b>&nbsp;<\/b><\/p>\n<p><b>Appearance<\/b> : Les haricots verts sont de couleur vert vif et ont une forme allong\u00e9e et fine. Ils sont g\u00e9n\u00e9ralement r\u00e9colt\u00e9s avant que les grains \u00e0 l&#8217;int\u00e9rieur ne deviennent matures, ce qui leur conf\u00e8re leur texture tendre et croquante.<\/p>\n<p><br><\/p>\n<p><\/p>\n<p><b>Texture<\/b> Green beans have a crunchy, tender texture, making them a pleasure to eat raw or cooked.<\/p>\n<p><br><\/p>\n<p><\/p>\n<p><b>Use<\/b> <b>Culinary<\/b> Green beans are versatile in the kitchen. They can be steamed, boiled, saut\u00e9ed, grilled or even eaten raw in salads. They are also often used as a side dish or as an ingredient in stir-fries, casseroles and soups.<\/p>\n<p><br><\/p>\n<p><\/p>\n<p><b>Nutrition<\/b> Green beans are an excellent source of fibre, vitamins (including vitamin K, vitamin C and vitamin A) and minerals such as potassium and folate. They are also low in calories, making them a healthy choice for balanced diets.<\/p>\n<p><br><\/p>\n<p><b>Conservation<\/b> Fresh green beans can be stored in the fridge for a few days. It's best to keep them in a perforated plastic bag to maintain their freshness.<\/p>\n<p><br><\/p>\n<p><\/p>\n<p><b>Variety<\/b> There are different varieties of green bean, some of which may be thinner or wider, but they generally share similar characteristics in terms of texture and flavour.<\/p>\n<p><br><\/p>\n<p><\/p>\n<p><b>Campaign calendar<\/b><br><\/p><p>On request<\/p>\t\t\t\t\t\t\t\t<\/div>\n\t\t\t\t<\/div>\n\t\t\t\t\t<\/div>\n\t\t<\/div>\n\t\t\t\t\t<\/div>\n\t\t<\/section>\n\t\t\t\t<\/div>","protected":false},"excerpt":{"rendered":"<p>Haricots verts Caract\u00e9ristiques Haricot vert Bobby Avion : Carton de 4kg &nbsp; Informations Les haricots verts, \u00e9galement connus sous le nom de haricots mange-tout ou haricots verts fran\u00e7ais, sont des l\u00e9gumes verts allong\u00e9s et \u00e9troits, appr\u00e9ci\u00e9s pour leur saveur d\u00e9licieuse et leur texture croquante. Voici quelques caract\u00e9ristiques importantes des haricots verts : &nbsp; Apparence : [&hellip;]<\/p>\n","protected":false},"author":1,"featured_media":0,"parent":0,"menu_order":0,"comment_status":"closed","ping_status":"closed","template":"","meta":{"site-sidebar-layout":"no-sidebar","site-content-layout":"page-builder","ast-site-content-layout":"default","site-content-style":"default","site-sidebar-style":"default","ast-global-header-display":"","ast-banner-title-visibility":"","ast-main-header-display":"","ast-hfb-above-header-display":"","ast-hfb-below-header-display":"","ast-hfb-mobile-header-display":"","site-post-title":"disabled","ast-breadcrumbs-content":"","ast-featured-img":"disabled","footer-sml-layout":"","theme-transparent-header-meta":"","adv-header-id-meta":"","stick-header-meta":"","header-above-stick-meta":"","header-main-stick-meta":"","header-below-stick-meta":"","astra-migrate-meta-layouts":"set","ast-page-background-enabled":"default","ast-page-background-meta":{"desktop":{"background-color":"var(--ast-global-color-4)","background-image":"","background-repeat":"repeat","background-position":"center center","background-size":"auto","background-attachment":"scroll","background-type":"","background-media":"","overlay-type":"","overlay-color":"","overlay-opacity":"","overlay-gradient":""},"tablet":{"background-color":"","background-image":"","background-repeat":"repeat","background-position":"center center","background-size":"auto","background-attachment":"scroll","background-type":"","background-media":"","overlay-type":"","overlay-color":"","overlay-opacity":"","overlay-gradient":""},"mobile":{"background-color":"","background-image":"","background-repeat":"repeat","background-position":"center center","background-size":"auto","background-attachment":"scroll","background-type":"","background-media":"","overlay-type":"","overlay-color":"","overlay-opacity":"","overlay-gradient":""}},"ast-content-background-meta":{"desktop":{"background-color":"var(--ast-global-color-5)","background-image":"","background-repeat":"repeat","background-position":"center center","background-size":"auto","background-attachment":"scroll","background-type":"","background-media":"","overlay-type":"","overlay-color":"","overlay-opacity":"","overlay-gradient":""},"tablet":{"background-color":"var(--ast-global-color-5)","background-image":"","background-repeat":"repeat","background-position":"center center","background-size":"auto","background-attachment":"scroll","background-type":"","background-media":"","overlay-type":"","overlay-color":"","overlay-opacity":"","overlay-gradient":""},"mobile":{"background-color":"var(--ast-global-color-5)","background-image":"","background-repeat":"repeat","background-position":"center center","background-size":"auto","background-attachment":"scroll","background-type":"","background-media":"","overlay-type":"","overlay-color":"","overlay-opacity":"","overlay-gradient":""}},"footnotes":""},"class_list":["post-1835","page","type-page","status-publish","hentry"],"_links":{"self":[{"href":"https:\/\/moahegroup.com\/en\/wp-json\/wp\/v2\/pages\/1835"}],"collection":[{"href":"https:\/\/moahegroup.com\/en\/wp-json\/wp\/v2\/pages"}],"about":[{"href":"https:\/\/moahegroup.com\/en\/wp-json\/wp\/v2\/types\/page"}],"author":[{"embeddable":true,"href":"https:\/\/moahegroup.com\/en\/wp-json\/wp\/v2\/users\/1"}],"replies":[{"embeddable":true,"href":"https:\/\/moahegroup.com\/en\/wp-json\/wp\/v2\/comments?post=1835"}],"version-history":[{"count":16,"href":"https:\/\/moahegroup.com\/en\/wp-json\/wp\/v2\/pages\/1835\/revisions"}],"predecessor-version":[{"id":2579,"href":"https:\/\/moahegroup.com\/en\/wp-json\/wp\/v2\/pages\/1835\/revisions\/2579"}],"wp:attachment":[{"href":"https:\/\/moahegroup.com\/en\/wp-json\/wp\/v2\/media?parent=1835"}],"curies":[{"name":"wp","href":"https:\/\/api.w.org\/{rel}","templated":true}]}}